{"id":291,"date":"2025-04-16T11:21:37","date_gmt":"2025-04-16T15:21:37","guid":{"rendered":"https:\/\/william.solucionesdac.com\/?page_id=291"},"modified":"2025-09-04T15:56:46","modified_gmt":"2025-09-04T19:56:46","slug":"servicios-de-maquina-de-inyeccion","status":"publish","type":"page","link":"https:\/\/william.solucionesdac.com\/es\/servicios-de-maquina-de-inyeccion\/","title":{"rendered":"Servicios de m\u00e1quina de inyecci\u00f3n"},"content":{"rendered":"\t\t<div data-elementor-type=\"wp-page\" data-elementor-id=\"291\" class=\"elementor elementor-291\" data-elementor-post-type=\"page\">\n\t\t\t\t<div class=\"elementor-element elementor-element-22429e95 e-con-full e-flex e-con e-parent\" data-id=\"22429e95\" data-element_type=\"container\" data-settings=\"{&quot;background_background&quot;:&quot;classic&quot;}\">\n\t\t\t\t<div class=\"elementor-element elementor-element-2c994db4 elementor-widget elementor-widget-heading\" data-id=\"2c994db4\" data-element_type=\"widget\" data-widget_type=\"heading.default\">\n\t\t\t\t<div class=\"elementor-widget-container\">\n\t\t\t\t\t<h2 class=\"elementor-heading-title elementor-size-default\">Servicios de m\u00e1quina de inyecci\u00f3n\n<\/h2>\t\t\t\t<\/div>\n\t\t\t\t<\/div>\n\t\t\t\t<\/div>\n\t\t<div class=\"elementor-element elementor-element-65b863a8 e-flex e-con-boxed e-con e-parent\" data-id=\"65b863a8\" data-element_type=\"container\" data-settings=\"{&quot;background_background&quot;:&quot;classic&quot;}\">\n\t\t\t\t\t<div class=\"e-con-inner\">\n\t\t\t\t<div class=\"elementor-element elementor-element-40931ce0 elementor-widget__width-initial elementor-widget-mobile__width-inherit elementor-widget elementor-widget-text-editor\" data-id=\"40931ce0\" data-element_type=\"widget\" data-widget_type=\"text-editor.default\">\n\t\t\t\t<div class=\"elementor-widget-container\">\n\t\t\t\t\t\t\t\t\t<p>Ofrecemos servicios especializados de<a href=\"https:\/\/william.solucionesdac.com\/es\/servicios-de-maquina-de-inyeccion-en-cagua-aragua-venezuela\/\"><strong> m\u00e1quina de inyecci\u00f3n<\/strong><\/a> para la fabricaci\u00f3n precisa y eficiente de sus piezas.<\/p>\t\t\t\t\t\t\t\t<\/div>\n\t\t\t\t<\/div>\n\t\t\t\t<div class=\"elementor-element elementor-element-001521d elementor-widget__width-initial elementor-widget-mobile__width-inherit animated-slow elementor-invisible elementor-widget elementor-widget-video\" data-id=\"001521d\" data-element_type=\"widget\" data-settings=\"{&quot;video_type&quot;:&quot;hosted&quot;,&quot;_animation&quot;:&quot;fadeInUp&quot;,&quot;controls&quot;:&quot;yes&quot;}\" data-widget_type=\"video.default\">\n\t\t\t\t<div class=\"elementor-widget-container\">\n\t\t\t\t\t\t\t<div class=\"e-hosted-video elementor-wrapper elementor-open-inline\">\n\t\t\t\t\t<video class=\"elementor-video\" src=\"https:\/\/william.solucionesdac.com\/wp-content\/uploads\/2025\/04\/maquina.mp4\" controls=\"\" preload=\"metadata\" controlsList=\"nodownload\"><\/video>\n\t\t\t\t<\/div>\n\t\t\t\t\t\t<\/div>\n\t\t\t\t<\/div>\n\t\t\t\t<div class=\"elementor-element elementor-element-39911b9 elementor-widget elementor-widget-text-editor\" data-id=\"39911b9\" data-element_type=\"widget\" data-widget_type=\"text-editor.default\">\n\t\t\t\t<div class=\"elementor-widget-container\">\n\t\t\t\t\t\t\t\t\t<p>Nuestra m\u00e1quina de inyecci\u00f3n en acci\u00f3n.<\/p>\t\t\t\t\t\t\t\t<\/div>\n\t\t\t\t<\/div>\n\t\t\t\t\t<\/div>\n\t\t\t\t<\/div>\n\t\t<div class=\"elementor-element elementor-element-7e8cc091 e-flex e-con-boxed e-con e-parent\" data-id=\"7e8cc091\" data-element_type=\"container\" data-settings=\"{&quot;background_background&quot;:&quot;classic&quot;}\">\n\t\t\t\t\t<div class=\"e-con-inner\">\n\t\t\t\t<div class=\"elementor-element elementor-element-057c957 elementor-widget elementor-widget-heading\" data-id=\"057c957\" data-element_type=\"widget\" data-widget_type=\"heading.default\">\n\t\t\t\t<div class=\"elementor-widget-container\">\n\t\t\t\t\t<h6 class=\"elementor-heading-title elementor-size-default\">ALGUNAS<\/h6>\t\t\t\t<\/div>\n\t\t\t\t<\/div>\n\t\t\t\t<div class=\"elementor-element elementor-element-20d5f89 elementor-widget elementor-widget-heading\" data-id=\"20d5f89\" data-element_type=\"widget\" data-widget_type=\"heading.default\">\n\t\t\t\t<div class=\"elementor-widget-container\">\n\t\t\t\t\t<h2 class=\"elementor-heading-title elementor-size-default\">Piezas que fabricamos<\/h2>\t\t\t\t<\/div>\n\t\t\t\t<\/div>\n\t\t\t\t\t<\/div>\n\t\t\t\t<\/div>\n\t\t<div class=\"elementor-element elementor-element-488d75be e-flex e-con-boxed e-con e-parent\" data-id=\"488d75be\" data-element_type=\"container\" data-settings=\"{&quot;background_background&quot;:&quot;classic&quot;}\">\n\t\t\t\t\t<div class=\"e-con-inner\">\n\t\t<div class=\"elementor-element elementor-element-3b3822df e-con-full e-flex e-con e-child\" data-id=\"3b3822df\" data-element_type=\"container\">\n\t\t\t\t<div class=\"elementor-element elementor-element-1e00a657 elementor-widget elementor-widget-image\" data-id=\"1e00a657\" data-element_type=\"widget\" data-widget_type=\"image.default\">\n\t\t\t\t<div class=\"elementor-widget-container\">\n\t\t\t\t\t\t\t\t\t\t\t\t\t\t\t<img fetchpriority=\"high\" decoding=\"async\" width=\"800\" height=\"541\" src=\"https:\/\/william.solucionesdac.com\/wp-content\/uploads\/2025\/04\/C10519560-1024x692.jpeg\" class=\"attachment-large size-large wp-image-179\" alt=\"\" srcset=\"https:\/\/william.solucionesdac.com\/wp-content\/uploads\/2025\/04\/C10519560-1024x692.jpeg 1024w, https:\/\/william.solucionesdac.com\/wp-content\/uploads\/2025\/04\/C10519560-300x203.jpeg 300w, https:\/\/william.solucionesdac.com\/wp-content\/uploads\/2025\/04\/C10519560-768x519.jpeg 768w, https:\/\/william.solucionesdac.com\/wp-content\/uploads\/2025\/04\/C10519560-18x12.jpeg 18w, https:\/\/william.solucionesdac.com\/wp-content\/uploads\/2025\/04\/C10519560.jpeg 1181w\" sizes=\"(max-width: 800px) 100vw, 800px\" \/>\t\t\t\t\t\t\t\t\t\t\t\t\t\t\t<\/div>\n\t\t\t\t<\/div>\n\t\t\t\t<div class=\"elementor-element elementor-element-3b217e32 elementor-widget elementor-widget-heading\" data-id=\"3b217e32\" data-element_type=\"widget\" data-widget_type=\"heading.default\">\n\t\t\t\t<div class=\"elementor-widget-container\">\n\t\t\t\t\t<h2 class=\"elementor-heading-title elementor-size-default\">Tapa de Cilindro<\/h2>\t\t\t\t<\/div>\n\t\t\t\t<\/div>\n\t\t\t\t<\/div>\n\t\t<div class=\"elementor-element elementor-element-7cdb20d5 e-con-full e-flex e-con e-child\" data-id=\"7cdb20d5\" data-element_type=\"container\">\n\t\t\t\t<div class=\"elementor-element elementor-element-52b74043 elementor-widget elementor-widget-image\" data-id=\"52b74043\" data-element_type=\"widget\" data-widget_type=\"image.default\">\n\t\t\t\t<div class=\"elementor-widget-container\">\n\t\t\t\t\t\t\t\t\t\t\t\t\t\t\t<img decoding=\"async\" width=\"800\" height=\"533\" src=\"https:\/\/william.solucionesdac.com\/wp-content\/uploads\/2025\/04\/partes-del-motor-de-una-moto.jpg\" class=\"attachment-large size-large wp-image-184\" alt=\"\" srcset=\"https:\/\/william.solucionesdac.com\/wp-content\/uploads\/2025\/04\/partes-del-motor-de-una-moto.jpg 900w, https:\/\/william.solucionesdac.com\/wp-content\/uploads\/2025\/04\/partes-del-motor-de-una-moto-300x200.jpg 300w, https:\/\/william.solucionesdac.com\/wp-content\/uploads\/2025\/04\/partes-del-motor-de-una-moto-768x512.jpg 768w, https:\/\/william.solucionesdac.com\/wp-content\/uploads\/2025\/04\/partes-del-motor-de-una-moto-18x12.jpg 18w\" sizes=\"(max-width: 800px) 100vw, 800px\" \/>\t\t\t\t\t\t\t\t\t\t\t\t\t\t\t<\/div>\n\t\t\t\t<\/div>\n\t\t\t\t<div class=\"elementor-element elementor-element-73099652 elementor-widget elementor-widget-heading\" data-id=\"73099652\" data-element_type=\"widget\" data-widget_type=\"heading.default\">\n\t\t\t\t<div class=\"elementor-widget-container\">\n\t\t\t\t\t<h2 class=\"elementor-heading-title elementor-size-default\">PIEZAS PARA MOTORES<\/h2>\t\t\t\t<\/div>\n\t\t\t\t<\/div>\n\t\t\t\t<\/div>\n\t\t<div class=\"elementor-element elementor-element-276503b7 e-con-full e-flex e-con e-child\" data-id=\"276503b7\" data-element_type=\"container\">\n\t\t\t\t<div class=\"elementor-element elementor-element-3f36b92d elementor-widget elementor-widget-image\" data-id=\"3f36b92d\" data-element_type=\"widget\" data-widget_type=\"image.default\">\n\t\t\t\t<div class=\"elementor-widget-container\">\n\t\t\t\t\t\t\t\t\t\t\t\t\t\t\t<img decoding=\"async\" width=\"500\" height=\"500\" src=\"https:\/\/william.solucionesdac.com\/wp-content\/uploads\/2025\/04\/51amyEy6gSL.jpg\" class=\"attachment-large size-large wp-image-192\" alt=\"\" srcset=\"https:\/\/william.solucionesdac.com\/wp-content\/uploads\/2025\/04\/51amyEy6gSL.jpg 500w, https:\/\/william.solucionesdac.com\/wp-content\/uploads\/2025\/04\/51amyEy6gSL-300x300.jpg 300w, https:\/\/william.solucionesdac.com\/wp-content\/uploads\/2025\/04\/51amyEy6gSL-150x150.jpg 150w, https:\/\/william.solucionesdac.com\/wp-content\/uploads\/2025\/04\/51amyEy6gSL-12x12.jpg 12w\" sizes=\"(max-width: 500px) 100vw, 500px\" \/>\t\t\t\t\t\t\t\t\t\t\t\t\t\t\t<\/div>\n\t\t\t\t<\/div>\n\t\t\t\t<div class=\"elementor-element elementor-element-579b33da elementor-widget elementor-widget-heading\" data-id=\"579b33da\" data-element_type=\"widget\" data-widget_type=\"heading.default\">\n\t\t\t\t<div class=\"elementor-widget-container\">\n\t\t\t\t\t<h2 class=\"elementor-heading-title elementor-size-default\">bloque de motor de motos de 150 cc<\/h2>\t\t\t\t<\/div>\n\t\t\t\t<\/div>\n\t\t\t\t<\/div>\n\t\t\t\t\t<\/div>\n\t\t\t\t<\/div>\n\t\t<div class=\"elementor-element elementor-element-3f152cf9 e-con-full e-flex e-con e-parent\" data-id=\"3f152cf9\" data-element_type=\"container\" data-settings=\"{&quot;background_background&quot;:&quot;classic&quot;}\">\n\t\t<div class=\"elementor-element elementor-element-61fdb606 e-flex e-con-boxed e-con e-child\" data-id=\"61fdb606\" data-element_type=\"container\">\n\t\t\t\t\t<div class=\"e-con-inner\">\n\t\t<div class=\"elementor-element elementor-element-2b622edf e-con-full e-flex e-con e-child\" data-id=\"2b622edf\" data-element_type=\"container\">\n\t\t\t\t<div class=\"elementor-element elementor-element-afd2c0f elementor-widget elementor-widget-heading\" data-id=\"afd2c0f\" data-element_type=\"widget\" data-widget_type=\"heading.default\">\n\t\t\t\t<div class=\"elementor-widget-container\">\n\t\t\t\t\t<h2 class=\"elementor-heading-title elementor-size-default\">\u00a1Comience su proyecto de inyecci\u00f3n hoy mismo!<\/h2>\t\t\t\t<\/div>\n\t\t\t\t<\/div>\n\t\t\t\t<\/div>\n\t\t<div class=\"elementor-element elementor-element-562c84d1 e-con-full e-flex e-con e-child\" data-id=\"562c84d1\" data-element_type=\"container\">\n\t\t\t\t<div class=\"elementor-element elementor-element-3356d1c3 elementor-mobile-align-center elementor-align-right elementor-widget elementor-widget-button\" data-id=\"3356d1c3\" data-element_type=\"widget\" data-widget_type=\"button.default\">\n\t\t\t\t<div class=\"elementor-widget-container\">\n\t\t\t\t\t\t\t\t\t<div class=\"elementor-button-wrapper\">\n\t\t\t\t\t<a class=\"elementor-button elementor-button-link elementor-size-md elementor-animation-grow\" href=\"\/#contact\">\n\t\t\t\t\t\t<span class=\"elementor-button-content-wrapper\">\n\t\t\t\t\t\t\t\t\t<span class=\"elementor-button-text\">\u00a1Consulte aqu\u00ed!<\/span>\n\t\t\t\t\t<\/span>\n\t\t\t\t\t<\/a>\n\t\t\t\t<\/div>\n\t\t\t\t\t\t\t\t<\/div>\n\t\t\t\t<\/div>\n\t\t\t\t<\/div>\n\t\t\t\t\t<\/div>\n\t\t\t\t<\/div>\n\t\t\t\t<\/div>\n\t\t\t\t<\/div>\n\t\t","protected":false},"excerpt":{"rendered":"<p>Servicios de m\u00e1quina de inyecci\u00f3n Ofrecemos servicios especializados de m\u00e1quina de inyecci\u00f3n para la fabricaci\u00f3n precisa y eficiente de sus piezas. https:\/\/william.solucionesdac.com\/wp-content\/uploads\/2025\/04\/maquina.mp4 Nuestra m\u00e1quina de inyecci\u00f3n en acci\u00f3n. ALGUNAS Piezas que fabricamos Tapa de Cilindro PIEZAS PARA MOTORES bloque de motor de motos de 150 cc \u00a1Comience su proyecto de inyecci\u00f3n hoy mismo! \u00a1Consulte aqu\u00ed!<\/p>\n","protected":false},"author":1,"featured_media":0,"parent":0,"menu_order":0,"comment_status":"closed","ping_status":"closed","template":"","meta":{"footnotes":""},"class_list":["post-291","page","type-page","status-publish","hentry"],"yoast_head":"<!-- This site is optimized with the Yoast SEO plugin v26.8 - https:\/\/yoast.com\/product\/yoast-seo-wordpress\/ -->\n<title>Servicios de m\u00e1quina de inyecci\u00f3n - Iron Company<\/title>\n<meta name=\"description\" content=\"Ofrecemos servicios especializados de m\u00e1quina de inyecci\u00f3n para la fabricaci\u00f3n precisa y eficiente de sus piezas.\" \/>\n<meta name=\"robots\" content=\"noindex, follow, max-snippet:-1, max-image-preview:large, max-video-preview:-1\" \/>\n<meta property=\"og:locale\" content=\"es_ES\" \/>\n<meta property=\"og:type\" content=\"article\" \/>\n<meta property=\"og:title\" content=\"Servicios de m\u00e1quina de inyecci\u00f3n - Iron Company\" \/>\n<meta property=\"og:description\" content=\"Ofrecemos servicios especializados de m\u00e1quina de inyecci\u00f3n para la fabricaci\u00f3n precisa y eficiente de sus piezas.\" \/>\n<meta property=\"og:url\" content=\"https:\/\/william.solucionesdac.com\/es\/servicios-de-maquina-de-inyeccion\/\" \/>\n<meta property=\"og:site_name\" content=\"Iron Company\" \/>\n<meta property=\"article:modified_time\" content=\"2025-09-04T19:56:46+00:00\" \/>\n<meta property=\"og:image\" content=\"https:\/\/william.solucionesdac.com\/wp-content\/uploads\/2025\/04\/C10519560.jpeg\" \/>\n\t<meta property=\"og:image:width\" content=\"1181\" \/>\n\t<meta property=\"og:image:height\" content=\"798\" \/>\n\t<meta property=\"og:image:type\" content=\"image\/jpeg\" \/>\n<meta name=\"twitter:card\" content=\"summary_large_image\" \/>\n<meta name=\"twitter:label1\" content=\"Tiempo estimado de lectura\" \/>\n\t<meta name=\"twitter:data1\" content=\"1 minuto\" \/>\n<script type=\"application\/ld+json\" class=\"yoast-schema-graph\">{\"@context\":\"https:\/\/schema.org\",\"@graph\":[{\"@type\":\"WebPage\",\"@id\":\"https:\/\/william.solucionesdac.com\/es\/servicios-de-maquina-de-inyeccion\/\",\"url\":\"https:\/\/william.solucionesdac.com\/es\/servicios-de-maquina-de-inyeccion\/\",\"name\":\"Servicios de m\u00e1quina de inyecci\u00f3n - Iron Company\",\"isPartOf\":{\"@id\":\"https:\/\/william.solucionesdac.com\/#website\"},\"primaryImageOfPage\":{\"@id\":\"https:\/\/william.solucionesdac.com\/es\/servicios-de-maquina-de-inyeccion\/#primaryimage\"},\"image\":{\"@id\":\"https:\/\/william.solucionesdac.com\/es\/servicios-de-maquina-de-inyeccion\/#primaryimage\"},\"thumbnailUrl\":\"https:\/\/william.solucionesdac.com\/wp-content\/uploads\/2025\/04\/C10519560-1024x692.jpeg\",\"datePublished\":\"2025-04-16T15:21:37+00:00\",\"dateModified\":\"2025-09-04T19:56:46+00:00\",\"description\":\"Ofrecemos servicios especializados de m\u00e1quina de inyecci\u00f3n para la fabricaci\u00f3n precisa y eficiente de sus piezas.\",\"breadcrumb\":{\"@id\":\"https:\/\/william.solucionesdac.com\/es\/servicios-de-maquina-de-inyeccion\/#breadcrumb\"},\"inLanguage\":\"es\",\"potentialAction\":[{\"@type\":\"ReadAction\",\"target\":[\"https:\/\/william.solucionesdac.com\/es\/servicios-de-maquina-de-inyeccion\/\"]}]},{\"@type\":\"ImageObject\",\"inLanguage\":\"es\",\"@id\":\"https:\/\/william.solucionesdac.com\/es\/servicios-de-maquina-de-inyeccion\/#primaryimage\",\"url\":\"https:\/\/william.solucionesdac.com\/wp-content\/uploads\/2025\/04\/C10519560-1024x692.jpeg\",\"contentUrl\":\"https:\/\/william.solucionesdac.com\/wp-content\/uploads\/2025\/04\/C10519560-1024x692.jpeg\"},{\"@type\":\"BreadcrumbList\",\"@id\":\"https:\/\/william.solucionesdac.com\/es\/servicios-de-maquina-de-inyeccion\/#breadcrumb\",\"itemListElement\":[{\"@type\":\"ListItem\",\"position\":1,\"name\":\"Portada\",\"item\":\"https:\/\/william.solucionesdac.com\/es\/\"},{\"@type\":\"ListItem\",\"position\":2,\"name\":\"Servicios de m\u00e1quina de inyecci\u00f3n\"}]},{\"@type\":\"WebSite\",\"@id\":\"https:\/\/william.solucionesdac.com\/#website\",\"url\":\"https:\/\/william.solucionesdac.com\/\",\"name\":\"Iron Company\",\"description\":\"Procesamos aleaciones de material ferroso y no ferroso en nuestra planta de Venezuela y simult\u00e1neamente fabricamos materiales para la construcci\u00f3n principalmente para el sector agro-industrial.\",\"publisher\":{\"@id\":\"https:\/\/william.solucionesdac.com\/#organization\"},\"potentialAction\":[{\"@type\":\"SearchAction\",\"target\":{\"@type\":\"EntryPoint\",\"urlTemplate\":\"https:\/\/william.solucionesdac.com\/?s={search_term_string}\"},\"query-input\":{\"@type\":\"PropertyValueSpecification\",\"valueRequired\":true,\"valueName\":\"search_term_string\"}}],\"inLanguage\":\"es\"},{\"@type\":\"Organization\",\"@id\":\"https:\/\/william.solucionesdac.com\/#organization\",\"name\":\"Iron Company\",\"url\":\"https:\/\/william.solucionesdac.com\/\",\"logo\":{\"@type\":\"ImageObject\",\"inLanguage\":\"es\",\"@id\":\"https:\/\/william.solucionesdac.com\/#\/schema\/logo\/image\/\",\"url\":\"https:\/\/william.solucionesdac.com\/wp-content\/uploads\/2025\/04\/image-43.png\",\"contentUrl\":\"https:\/\/william.solucionesdac.com\/wp-content\/uploads\/2025\/04\/image-43.png\",\"width\":121,\"height\":100,\"caption\":\"Iron Company\"},\"image\":{\"@id\":\"https:\/\/william.solucionesdac.com\/#\/schema\/logo\/image\/\"},\"sameAs\":[\"http:\/\/www.instagram.com\/ironcompanyrsa\"]}]}<\/script>\n<!-- \/ Yoast SEO plugin. -->","yoast_head_json":{"title":"Servicios de m\u00e1quina de inyecci\u00f3n - Iron Company","description":"Ofrecemos servicios especializados de m\u00e1quina de inyecci\u00f3n para la fabricaci\u00f3n precisa y eficiente de sus piezas.","robots":{"index":"noindex","follow":"follow","max-snippet":"max-snippet:-1","max-image-preview":"max-image-preview:large","max-video-preview":"max-video-preview:-1"},"og_locale":"es_ES","og_type":"article","og_title":"Servicios de m\u00e1quina de inyecci\u00f3n - Iron Company","og_description":"Ofrecemos servicios especializados de m\u00e1quina de inyecci\u00f3n para la fabricaci\u00f3n precisa y eficiente de sus piezas.","og_url":"https:\/\/william.solucionesdac.com\/es\/servicios-de-maquina-de-inyeccion\/","og_site_name":"Iron Company","article_modified_time":"2025-09-04T19:56:46+00:00","og_image":[{"width":1181,"height":798,"url":"https:\/\/william.solucionesdac.com\/wp-content\/uploads\/2025\/04\/C10519560.jpeg","type":"image\/jpeg"}],"twitter_card":"summary_large_image","twitter_misc":{"Tiempo estimado de lectura":"1 minuto"},"schema":{"@context":"https:\/\/schema.org","@graph":[{"@type":"WebPage","@id":"https:\/\/william.solucionesdac.com\/es\/servicios-de-maquina-de-inyeccion\/","url":"https:\/\/william.solucionesdac.com\/es\/servicios-de-maquina-de-inyeccion\/","name":"Servicios de m\u00e1quina de inyecci\u00f3n - Iron Company","isPartOf":{"@id":"https:\/\/william.solucionesdac.com\/#website"},"primaryImageOfPage":{"@id":"https:\/\/william.solucionesdac.com\/es\/servicios-de-maquina-de-inyeccion\/#primaryimage"},"image":{"@id":"https:\/\/william.solucionesdac.com\/es\/servicios-de-maquina-de-inyeccion\/#primaryimage"},"thumbnailUrl":"https:\/\/william.solucionesdac.com\/wp-content\/uploads\/2025\/04\/C10519560-1024x692.jpeg","datePublished":"2025-04-16T15:21:37+00:00","dateModified":"2025-09-04T19:56:46+00:00","description":"Ofrecemos servicios especializados de m\u00e1quina de inyecci\u00f3n para la fabricaci\u00f3n precisa y eficiente de sus piezas.","breadcrumb":{"@id":"https:\/\/william.solucionesdac.com\/es\/servicios-de-maquina-de-inyeccion\/#breadcrumb"},"inLanguage":"es","potentialAction":[{"@type":"ReadAction","target":["https:\/\/william.solucionesdac.com\/es\/servicios-de-maquina-de-inyeccion\/"]}]},{"@type":"ImageObject","inLanguage":"es","@id":"https:\/\/william.solucionesdac.com\/es\/servicios-de-maquina-de-inyeccion\/#primaryimage","url":"https:\/\/william.solucionesdac.com\/wp-content\/uploads\/2025\/04\/C10519560-1024x692.jpeg","contentUrl":"https:\/\/william.solucionesdac.com\/wp-content\/uploads\/2025\/04\/C10519560-1024x692.jpeg"},{"@type":"BreadcrumbList","@id":"https:\/\/william.solucionesdac.com\/es\/servicios-de-maquina-de-inyeccion\/#breadcrumb","itemListElement":[{"@type":"ListItem","position":1,"name":"Portada","item":"https:\/\/william.solucionesdac.com\/es\/"},{"@type":"ListItem","position":2,"name":"Servicios de m\u00e1quina de inyecci\u00f3n"}]},{"@type":"WebSite","@id":"https:\/\/william.solucionesdac.com\/#website","url":"https:\/\/william.solucionesdac.com\/","name":"Iron Company","description":"Procesamos aleaciones de material ferroso y no ferroso en nuestra planta de Venezuela y simult\u00e1neamente fabricamos materiales para la construcci\u00f3n principalmente para el sector agro-industrial.","publisher":{"@id":"https:\/\/william.solucionesdac.com\/#organization"},"potentialAction":[{"@type":"SearchAction","target":{"@type":"EntryPoint","urlTemplate":"https:\/\/william.solucionesdac.com\/?s={search_term_string}"},"query-input":{"@type":"PropertyValueSpecification","valueRequired":true,"valueName":"search_term_string"}}],"inLanguage":"es"},{"@type":"Organization","@id":"https:\/\/william.solucionesdac.com\/#organization","name":"Iron Company","url":"https:\/\/william.solucionesdac.com\/","logo":{"@type":"ImageObject","inLanguage":"es","@id":"https:\/\/william.solucionesdac.com\/#\/schema\/logo\/image\/","url":"https:\/\/william.solucionesdac.com\/wp-content\/uploads\/2025\/04\/image-43.png","contentUrl":"https:\/\/william.solucionesdac.com\/wp-content\/uploads\/2025\/04\/image-43.png","width":121,"height":100,"caption":"Iron Company"},"image":{"@id":"https:\/\/william.solucionesdac.com\/#\/schema\/logo\/image\/"},"sameAs":["http:\/\/www.instagram.com\/ironcompanyrsa"]}]}},"_links":{"self":[{"href":"https:\/\/william.solucionesdac.com\/es\/wp-json\/wp\/v2\/pages\/291","targetHints":{"allow":["GET"]}}],"collection":[{"href":"https:\/\/william.solucionesdac.com\/es\/wp-json\/wp\/v2\/pages"}],"about":[{"href":"https:\/\/william.solucionesdac.com\/es\/wp-json\/wp\/v2\/types\/page"}],"author":[{"embeddable":true,"href":"https:\/\/william.solucionesdac.com\/es\/wp-json\/wp\/v2\/users\/1"}],"replies":[{"embeddable":true,"href":"https:\/\/william.solucionesdac.com\/es\/wp-json\/wp\/v2\/comments?post=291"}],"version-history":[{"count":22,"href":"https:\/\/william.solucionesdac.com\/es\/wp-json\/wp\/v2\/pages\/291\/revisions"}],"predecessor-version":[{"id":574,"href":"https:\/\/william.solucionesdac.com\/es\/wp-json\/wp\/v2\/pages\/291\/revisions\/574"}],"wp:attachment":[{"href":"https:\/\/william.solucionesdac.com\/es\/wp-json\/wp\/v2\/media?parent=291"}],"curies":[{"name":"wp","href":"https:\/\/api.w.org\/{rel}","templated":true}]}}